{"id":9327,"date":"2023-10-17T22:31:44","date_gmt":"2023-10-17T20:31:44","guid":{"rendered":"http:\/\/www.tsv-assamstadt.de\/ng\/?page_id=9327"},"modified":"2024-09-18T18:22:32","modified_gmt":"2024-09-18T16:22:32","slug":"info-turnen","status":"publish","type":"page","link":"https:\/\/www.tsv-assamstadt.de\/?page_id=9327","title":{"rendered":"Info Turnen"},"content":{"rendered":"\n<p>Turnzeiten \/ \u00dcbungsleiter 2024\/2025<\/p>\n<p><span style=\"text-decoration: underline;\"><strong>Eltern-Kind-Turnen ab 2 Jahre<br \/><\/strong><\/span>Montag 15.00-16.00 Uhr<br \/>Mona Bauer, Carmen K\u00f6ppler, Kira Leuser, Monique Martin<\/p>\n<p><strong><span style=\"text-decoration: underline;\">3-4 J\u00e4hrige<\/span><br \/><\/strong>Donnerstag 15.00-16.00 Uhr<br \/>Monique Martin, Katharina M\u00f6hler, Sindy Schlechta, Sandy Scherer, Mona Bauer, Laura Pollak<\/p>\n<p><strong><span style=\"text-decoration: underline;\">4-5 J\u00e4hrige<\/span><br \/><\/strong>Mittwoch 16.15-17.15 Uhr<br \/>Susanne Scherer, Janina Stumpf, Stefanie Hammel, Sonja Walz, Vanessa Silberzahn<\/p>\n<p><strong><span style=\"text-decoration: underline;\">5-6 J\u00e4hrige<\/span><br \/><\/strong>Donnerstag 16.30-17.30 Uhr<br \/>Anna Albrecht, Katja Volk, Sandy Scherer, Julia Melcher, Sandra Leuser, Regina Fahrbach<\/p>\n<p><strong>\u00a0<span style=\"text-decoration: underline;\">1. Klasse<\/span><br \/><\/strong>Dienstag 15.00-16.00 Uhr<br \/>Katja Rupp, Marina Heer, Christina Burger, Tamara Schlenkhoff<\/p>\n<p><strong><span style=\"text-decoration: underline;\">2. Klasse<\/span><br \/><\/strong>Mittwoch 14.45-15.45 Uhr<br \/>Andrea Kammleiter, Carolin Scherer, Sabrina Arnold, Steffi Fohmann<\/p>\n<p><strong><span style=\"text-decoration: underline;\">3. Klasse<\/span><br \/><\/strong>Dienstag 16.30-17.30 Uhr<br \/>Kathrin Gei\u00dfler, Carmen H\u00fcgel, Sonja Nunn, Verena Eichhorn, Susi Hammel<\/p>\n<p>Bei Fragen k\u00f6nnt ihr euch gern melden<\/p>\n<p>Die Jugendleiterinnen:<br \/>Ella H\u00fcgel\u00a0\u00a0\u00a0\u00a0\u00a0\u00a0\u00a0\u00a0\u00a0\u00a0\u00a0\u00a0 Handy: 0151 10679934<br \/>Sandy Scherer\u00a0\u00a0 Handy: 0162 6504994<\/p>\n<p>\u00a0<\/p>\n","protected":false},"excerpt":{"rendered":"<p>Turnzeiten \/ \u00dcbungsleiter 2024\/2025 Eltern-Kind-Turnen ab 2 JahreMontag 15.00-16.00 UhrMona Bauer, Carmen K\u00f6ppler, Kira Leuser, Monique Martin 3-4 J\u00e4hrigeDonnerstag 15.00-16.00 UhrMonique Martin, Katharina M\u00f6hler, Sindy Schlechta, Sandy Scherer, Mona Bauer, &hellip; <a href=\"https:\/\/www.tsv-assamstadt.de\/?page_id=9327\" class=\"more-link\"><span class=\"screen-reader-text\">Info Turnen<\/span> weiterlesen <span class=\"meta-nav\">&rarr;<\/span><\/a><\/p>\n","protected":false},"author":42,"featured_media":0,"parent":0,"menu_order":0,"comment_status":"closed","ping_status":"closed","template":"","meta":{"ngg_post_thumbnail":0,"jetpack_post_was_ever_published":false,"footnotes":""},"class_list":["post-9327","page","type-page","status-publish","hentry"],"jetpack_sharing_enabled":true,"jetpack_shortlink":"https:\/\/wp.me\/PcugUJ-2qr","_links":{"self":[{"href":"https:\/\/www.tsv-assamstadt.de\/index.php?rest_route=\/wp\/v2\/pages\/9327","targetHints":{"allow":["GET"]}}],"collection":[{"href":"https:\/\/www.tsv-assamstadt.de\/index.php?rest_route=\/wp\/v2\/pages"}],"about":[{"href":"https:\/\/www.tsv-assamstadt.de\/index.php?rest_route=\/wp\/v2\/types\/page"}],"author":[{"embeddable":true,"href":"https:\/\/www.tsv-assamstadt.de\/index.php?rest_route=\/wp\/v2\/users\/42"}],"replies":[{"embeddable":true,"href":"https:\/\/www.tsv-assamstadt.de\/index.php?rest_route=%2Fwp%2Fv2%2Fcomments&post=9327"}],"version-history":[{"count":0,"href":"https:\/\/www.tsv-assamstadt.de\/index.php?rest_route=\/wp\/v2\/pages\/9327\/revisions"}],"wp:attachment":[{"href":"https:\/\/www.tsv-assamstadt.de\/index.php?rest_route=%2Fwp%2Fv2%2Fmedia&parent=9327"}],"curies":[{"name":"wp","href":"https:\/\/api.w.org\/{rel}","templated":true}]}}