{"id":12601,"date":"2025-04-02T12:07:13","date_gmt":"2025-04-02T10:07:13","guid":{"rendered":"https:\/\/www.tsv-assamstadt.de\/?page_id=12601"},"modified":"2025-04-02T12:10:05","modified_gmt":"2025-04-02T10:10:05","slug":"leitlinien-werte","status":"publish","type":"page","link":"https:\/\/www.tsv-assamstadt.de\/?page_id=12601","title":{"rendered":"Leitlinien &amp; Werte des TSV Assamstadt"},"content":{"rendered":"\n<p><span style=\"font-weight: 400;\">Der TSV Assamstadt 1947 e.V. ist mehr als nur ein Sportverein \u2013 er steht f\u00fcr Gemeinschaft, soziales Miteinander, Fairness und Verantwortung. Neben der sportlichen F\u00f6rderung bieten wir allen Mitgliedern eine Plattform f\u00fcr gelebtes Miteinander.<\/span><\/p>\n<p><b>Wir zeichnen uns aus durch:<\/b><\/p>\n<p><b>\ud83c\udfaf Unsere Werte wie:<\/b><\/p>\n<ul>\n<li style=\"font-weight: 400;\" aria-level=\"1\"><span style=\"font-weight: 400;\">Disziplin &amp; Fairplay<\/span><\/li>\n<li style=\"font-weight: 400;\" aria-level=\"1\"><span style=\"font-weight: 400;\">Respekt &amp; Toleranz<\/span><\/li>\n<li style=\"font-weight: 400;\" aria-level=\"1\"><span style=\"font-weight: 400;\">Zuverl\u00e4ssigkeit &amp; Teamf\u00e4higkeit<\/span><\/li>\n<li style=\"font-weight: 400;\" aria-level=\"1\"><span style=\"font-weight: 400;\">Freundlichkeit &amp; Hilfsbereitschaft<\/span><\/li>\n<li style=\"font-weight: 400;\" aria-level=\"1\"><span style=\"font-weight: 400;\">Offenheit &amp; Wertsch\u00e4tzung<\/span><\/li>\n<li style=\"font-weight: 400;\" aria-level=\"1\"><span style=\"font-weight: 400;\">Motivation &amp; Vorbildfunktion<\/span><\/li>\n<\/ul>\n<p><b>\ud83c\udfaf Unsere Ziele wie:<\/b><\/p>\n<ul>\n<li style=\"font-weight: 400;\" aria-level=\"1\"><span style=\"font-weight: 400;\">Sport mit Freude erleben<\/span><\/li>\n<li style=\"font-weight: 400;\" aria-level=\"1\"><span style=\"font-weight: 400;\">Gemeinschaft und Zusammenhalt f\u00f6rdern<\/span><\/li>\n<li style=\"font-weight: 400;\" aria-level=\"1\"><span style=\"font-weight: 400;\">Pers\u00f6nlichkeitsentwicklung unterst\u00fctzen<\/span><\/li>\n<li style=\"font-weight: 400;\" aria-level=\"1\"><span style=\"font-weight: 400;\">Hohe Identifikation mit dem TSV&nbsp;<\/span><\/li>\n<\/ul>\n<p><b>\ud83c\udfaf Unsere Trainer &amp; Betreuer:<\/b><\/p>\n<ul>\n<li style=\"font-weight: 400;\" aria-level=\"1\"><span style=\"font-weight: 400;\">\u00dcbernehmen Vorbildfunktion<\/span><\/li>\n<li style=\"font-weight: 400;\" aria-level=\"1\"><span style=\"font-weight: 400;\">Fordern Fairness und Teamgeist<\/span><\/li>\n<li style=\"font-weight: 400;\" aria-level=\"1\"><span style=\"font-weight: 400;\">F\u00f6rdern positive Kommunikation<\/span><\/li>\n<li style=\"font-weight: 400;\" aria-level=\"1\"><span style=\"font-weight: 400;\">Lassen keinen Alkohol vor\/nach Spielen und Wettk\u00e4mpfen auf dem Sportgel\u00e4nde zu<\/span><\/li>\n<\/ul>\n<p><b>\ud83c\udfaf Die Eltern &amp; Sportler:<\/b><\/p>\n<ul>\n<li style=\"font-weight: 400;\" aria-level=\"1\"><span style=\"font-weight: 400;\">Haben Respekt &amp; unterst\u00fctzen das gesamte Team\/alle Sportler<\/span><\/li>\n<li style=\"font-weight: 400;\" aria-level=\"1\"><span style=\"font-weight: 400;\">Zeigen Fairness &amp; Besonnenheit auf Sportanlagen<\/span><\/li>\n<li style=\"font-weight: 400;\" aria-level=\"1\"><span style=\"font-weight: 400;\">Unterst\u00fctzen bei Vereinsaktivit\u00e4ten<\/span><\/li>\n<li style=\"font-weight: 400;\" aria-level=\"1\"><span style=\"font-weight: 400;\">Zeigen Anerkennung der ehrenamtlichen T\u00e4tigkeit<\/span><\/li>\n<\/ul>\n<p><span style=\"font-weight: 400;\">Wir sind eine Gemeinschaft. Gemeinsam stehen wir f\u00fcr Fairness, Teamgeist und die Liebe zum Sport.<\/span><\/p>\n<p><b>TSV Assamstadt \u2013 Mehr als nur ein Sportverein.<\/b><\/p>\n","protected":false},"excerpt":{"rendered":"<p>Der TSV Assamstadt 1947 e.V. ist mehr als nur ein Sportverein \u2013 er steht f\u00fcr Gemeinschaft, soziales Miteinander, Fairness und Verantwortung. Neben der sportlichen F\u00f6rderung bieten wir allen Mitgliedern eine &hellip; <a href=\"https:\/\/www.tsv-assamstadt.de\/?page_id=12601\" class=\"more-link\"><span class=\"screen-reader-text\">Leitlinien &amp; Werte des TSV Assamstadt<\/span> weiterlesen <span class=\"meta-nav\">&rarr;<\/span><\/a><\/p>\n","protected":false},"author":42,"featured_media":12599,"parent":0,"menu_order":0,"comment_status":"closed","ping_status":"closed","template":"","meta":{"ngg_post_thumbnail":0,"jetpack_post_was_ever_published":false,"footnotes":""},"class_list":["post-12601","page","type-page","status-publish","has-post-thumbnail","hentry"],"jetpack_sharing_enabled":true,"jetpack_shortlink":"https:\/\/wp.me\/PcugUJ-3hf","_links":{"self":[{"href":"https:\/\/www.tsv-assamstadt.de\/index.php?rest_route=\/wp\/v2\/pages\/12601","targetHints":{"allow":["GET"]}}],"collection":[{"href":"https:\/\/www.tsv-assamstadt.de\/index.php?rest_route=\/wp\/v2\/pages"}],"about":[{"href":"https:\/\/www.tsv-assamstadt.de\/index.php?rest_route=\/wp\/v2\/types\/page"}],"author":[{"embeddable":true,"href":"https:\/\/www.tsv-assamstadt.de\/index.php?rest_route=\/wp\/v2\/users\/42"}],"replies":[{"embeddable":true,"href":"https:\/\/www.tsv-assamstadt.de\/index.php?rest_route=%2Fwp%2Fv2%2Fcomments&post=12601"}],"version-history":[{"count":0,"href":"https:\/\/www.tsv-assamstadt.de\/index.php?rest_route=\/wp\/v2\/pages\/12601\/revisions"}],"wp:featuredmedia":[{"embeddable":true,"href":"https:\/\/www.tsv-assamstadt.de\/index.php?rest_route=\/wp\/v2\/media\/12599"}],"wp:attachment":[{"href":"https:\/\/www.tsv-assamstadt.de\/index.php?rest_route=%2Fwp%2Fv2%2Fmedia&parent=12601"}],"curies":[{"name":"wp","href":"https:\/\/api.w.org\/{rel}","templated":true}]}}