{"id":11935,"date":"2024-03-18T14:08:33","date_gmt":"2024-03-18T13:08:33","guid":{"rendered":"https:\/\/www.tsv-assamstadt.de\/?page_id=11935"},"modified":"2025-11-19T16:05:47","modified_gmt":"2025-11-19T15:05:47","slug":"chronik","status":"publish","type":"page","link":"https:\/\/www.tsv-assamstadt.de\/?page_id=11935","title":{"rendered":"Chronik Leichtathletik"},"content":{"rendered":"\n<p>Die Abteilung wurde im Fr\u00fchjahr 1985 von Berthold Jesberger gegr\u00fcndet. Spontan traten dabei etwa 30 Personen als Mitglieder ein. Schon beim ersten Wettkampf, den Kreismeisterschaften im Waldlauf im M\u00e4rz 85 in Laudenbach, lie\u00df die junge Abteilung aufhorchen. 18 Athleten des TSV nahmen daran Teil und Berthold Jesberger konnte den Kreismeistertitel erringen. Er h\u00e4lt auch bis heute noch die Vereinsrekorde \u00fcber 1500m, den Marathonlauf bis zum 100 km Lauf.<\/p>\n<p>F\u00fcr Furore sorgte in diesen ersten Jahren das legend\u00e4re M\u00e4dchenteam mit Tanja Stauch, Isabell Hellmuth, Christine Ansmann, Heidi Jesberger, Sabine Ansmann und Katrin Jesberger, die in wechselnder Zusammensetzung als Mannschaft alles in Grund und Boden liefen. Der badische Rekord \u00fcber 3 x 800 m wurde durch diese Mannschaft um sagenhafte 20 Sekunden verbessert. Tanja Stauch lief eine deutsche Jahresbestzeit \u00fcber 2000 m und erzielte mehrere badische Rekorde, die teilweise bis heute Bestand haben. So waren sie zwischen 1989 und 1999 10 Jahre lang ununterbrochen Baden-W\u00fcrttembergische Meister im Crosslauf, Duathlon und Triathlon und 1994 errangen sie sogar die Deutsche Meisterschaft im Duathlon.<\/p>\n<p>1996 \u00fcbernahm Berthold Liebnau die Abteilungsleitung von Berthold Jesberger. Er f\u00fchrt die erfolgreiche Arbeit weiter und in seine Aera fielen die gro\u00dfen Erfolge der Sprintstaffel mit Andi Killer, Hansi Wilkens, Christian K\u00f6ppler und Sascha Liebnau, die in der badischen Spitze mitliefen sowie die denkw\u00fcrdigen L\u00e4ufe der M\u00e4dchen Marina Tremmel, Melanie Scherer und Anna-Lena H\u00fcgel um die Deutsche Crosscup-Wertung in Neuss, K\u00f6ln und Herxheim. Auch die gro\u00dfartigen Erfolge von Marina Tremmel, die es bis zu den Deutschen Meisterschaften im 1500 m Hindernislauf schaffte, sind auf seine erfolgreiche Arbeit zur\u00fcckzuf\u00fchren. Berthold Liebnau initiierte auch im Jahr 2003 den ersten Assamstadter Volkslauf, der sich bis heute allgemeiner Beliebtheit erfreut.<\/p>\n<p>Im Jahr 2004 \u00fcbernahm dann Erika Scherer die Leitung der Abteilung und begann mit dem Neuaufbau einer schlagkr\u00e4ftigen Wettkampfmannschaft. Wie in allen sportlichen Bereichen hatten viele der jungen Talente aufgrund einer Ausbildung oder eines Studiums ihre sportliche Aktivit\u00e4ten aufgegeben oder stark eingeschr\u00e4nkt und standen f\u00fcr Wettk\u00e4mpfe nicht mehr zur Verf\u00fcgung. Trotzdem gab es auch hier wieder zahlreiche Erfolge auf Kreis- und Regionalebene zu feiern.<\/p>\n<p>2006 wurde die Leichtathletikabteilung unter der Leitung von Karl-Heinz H\u00fcgel erfolgreich weitergef\u00fchrt. Mit den jungen Talenten Robin Zuck und Dominik Schimscha gelang es der Abteilung wieder zwei Athleten heranzuziehen, die weit \u00fcber den Kreis hinaus mit sehr guten Leistungen \u00fcberzeugen.<\/p>\n<p>Seit dem Fr\u00fchjahr 2012 hat Sabine Zeitler die Leitung \u00fcbernommen. Mit einem qualifizierten Trainer-Team und motivierten und engagierten Abteilungsmitgliedern besetzt, befindet sich die Abteilung auf dem besten Wege. Steigende Mitgliederzahlen und neue, junge Talente beleben die Abteilung.<\/p>\n<p>Besonders hervorzuheben ist unsere Heidi Sessner (geb. Jesberger). Seit 1994 eilt sie von einem Erfolg zum Anderen. Mit 6 Deutschen Meistertiteln, 2 Europameistertiteln und 2 Weltmeistertiteln im Juniorenbereich ist sie das Aush\u00e4ngeschild des TSV Assamstadt. Im Jahr 2012 konnte Sie sich Ihren lange gehegten Traum des Sieges beim Iron-Man in Regensburg erf\u00fcllen!<\/p>\n<p>&nbsp;<\/p>\n<p>2025: Diashow 40 Jahre Leichtathletik TSV Assamstadt:<br><a href=\"https:\/\/nx68620.your-storageshare.de\/s\/eHmftZ3Y9CeoPio\">https:\/\/nx68620.your-storageshare.de\/s\/eHmftZ3Y9CeoPio<\/a><\/p>\n\n\n","protected":false},"excerpt":{"rendered":"<p>Die Abteilung wurde im Fr\u00fchjahr 1985 von Berthold Jesberger gegr\u00fcndet. Spontan traten dabei etwa 30 Personen als Mitglieder ein. Schon beim ersten Wettkampf, den Kreismeisterschaften im Waldlauf im M\u00e4rz 85 &hellip; <a href=\"https:\/\/www.tsv-assamstadt.de\/?page_id=11935\" class=\"more-link\"><span class=\"screen-reader-text\">Chronik Leichtathletik<\/span> weiterlesen <span class=\"meta-nav\">&rarr;<\/span><\/a><\/p>\n","protected":false},"author":42,"featured_media":0,"parent":0,"menu_order":0,"comment_status":"closed","ping_status":"closed","template":"","meta":{"ngg_post_thumbnail":0,"jetpack_post_was_ever_published":false,"footnotes":""},"class_list":["post-11935","page","type-page","status-publish","hentry"],"jetpack_sharing_enabled":true,"jetpack_shortlink":"https:\/\/wp.me\/PcugUJ-36v","_links":{"self":[{"href":"https:\/\/www.tsv-assamstadt.de\/index.php?rest_route=\/wp\/v2\/pages\/11935","targetHints":{"allow":["GET"]}}],"collection":[{"href":"https:\/\/www.tsv-assamstadt.de\/index.php?rest_route=\/wp\/v2\/pages"}],"about":[{"href":"https:\/\/www.tsv-assamstadt.de\/index.php?rest_route=\/wp\/v2\/types\/page"}],"author":[{"embeddable":true,"href":"https:\/\/www.tsv-assamstadt.de\/index.php?rest_route=\/wp\/v2\/users\/42"}],"replies":[{"embeddable":true,"href":"https:\/\/www.tsv-assamstadt.de\/index.php?rest_route=%2Fwp%2Fv2%2Fcomments&post=11935"}],"version-history":[{"count":0,"href":"https:\/\/www.tsv-assamstadt.de\/index.php?rest_route=\/wp\/v2\/pages\/11935\/revisions"}],"wp:attachment":[{"href":"https:\/\/www.tsv-assamstadt.de\/index.php?rest_route=%2Fwp%2Fv2%2Fmedia&parent=11935"}],"curies":[{"name":"wp","href":"https:\/\/api.w.org\/{rel}","templated":true}]}}