{"id":11605,"date":"2023-10-14T11:14:32","date_gmt":"2023-10-14T09:14:32","guid":{"rendered":"https:\/\/www.tsv-assamstadt.de\/?page_id=11605"},"modified":"2024-06-08T11:45:31","modified_gmt":"2024-06-08T09:45:31","slug":"anfahrt","status":"publish","type":"page","link":"https:\/\/www.tsv-assamstadt.de\/?page_id=11605","title":{"rendered":"Anfahrt"},"content":{"rendered":"\n<p><strong>Sportgel\u00e4nde<br><\/strong>Bergstra\u00dfe, 97959 Assamstadt<br>Tel.: 06294\/541 (Sportheim)<\/p>\n<p>In der Ortsmitte fahren sie Richtung Krautheim und folgen der Vorfahrtsstra\u00dfe. An der Filiale der Volksbank biegen sie in die Laibacher Stra\u00dfe ab (von der Ortsmitte kommend). Dann halten sie sich links und fahren in die Bergstra\u00dfe. Dieser folgen sie, bis sie zum Sportgel\u00e4nde kommen.<\/p>\n<p>&nbsp;<\/p>\n<p><strong>Asmundhalle<\/strong><br>W\u00e4nnleinweg 4, 97959 Assamstadt<br>Tel.: 06294\/6600<\/p>\n<p>&nbsp;<\/p>\n\n\n\n\n","protected":false},"excerpt":{"rendered":"<p>Sportgel\u00e4ndeBergstra\u00dfe, 97959 AssamstadtTel.: 06294\/541 (Sportheim) In der Ortsmitte fahren sie Richtung Krautheim und folgen der Vorfahrtsstra\u00dfe. An der Filiale der Volksbank biegen sie in die Laibacher Stra\u00dfe ab (von der &hellip; <a href=\"https:\/\/www.tsv-assamstadt.de\/?page_id=11605\" class=\"more-link\"><span class=\"screen-reader-text\">Anfahrt<\/span> weiterlesen <span class=\"meta-nav\">&rarr;<\/span><\/a><\/p>\n","protected":false},"author":42,"featured_media":0,"parent":0,"menu_order":0,"comment_status":"closed","ping_status":"closed","template":"","meta":{"ngg_post_thumbnail":0,"jetpack_post_was_ever_published":false,"footnotes":""},"class_list":["post-11605","page","type-page","status-publish","hentry"],"jetpack_sharing_enabled":true,"jetpack_shortlink":"https:\/\/wp.me\/PcugUJ-31b","_links":{"self":[{"href":"https:\/\/www.tsv-assamstadt.de\/index.php?rest_route=\/wp\/v2\/pages\/11605","targetHints":{"allow":["GET"]}}],"collection":[{"href":"https:\/\/www.tsv-assamstadt.de\/index.php?rest_route=\/wp\/v2\/pages"}],"about":[{"href":"https:\/\/www.tsv-assamstadt.de\/index.php?rest_route=\/wp\/v2\/types\/page"}],"author":[{"embeddable":true,"href":"https:\/\/www.tsv-assamstadt.de\/index.php?rest_route=\/wp\/v2\/users\/42"}],"replies":[{"embeddable":true,"href":"https:\/\/www.tsv-assamstadt.de\/index.php?rest_route=%2Fwp%2Fv2%2Fcomments&post=11605"}],"version-history":[{"count":0,"href":"https:\/\/www.tsv-assamstadt.de\/index.php?rest_route=\/wp\/v2\/pages\/11605\/revisions"}],"wp:attachment":[{"href":"https:\/\/www.tsv-assamstadt.de\/index.php?rest_route=%2Fwp%2Fv2%2Fmedia&parent=11605"}],"curies":[{"name":"wp","href":"https:\/\/api.w.org\/{rel}","templated":true}]}}