{"id":11597,"date":"2023-10-14T11:13:10","date_gmt":"2023-10-14T09:13:10","guid":{"rendered":"https:\/\/www.tsv-assamstadt.de\/?page_id=11597"},"modified":"2026-03-09T11:58:13","modified_gmt":"2026-03-09T10:58:13","slug":"sportabzeichen","status":"publish","type":"page","link":"https:\/\/www.tsv-assamstadt.de\/?page_id=11597","title":{"rendered":"Sportabzeichen\u00fcbergabe beim TSV Assamstadt"},"content":{"rendered":"\n<p><img loading=\"lazy\" decoding=\"async\" class=\"aligncenter size-large wp-image-13074\" src=\"https:\/\/www.tsv-assamstadt.de\/wp-content\/uploads\/2026\/03\/Sportabzeichen-Uebergabe-2025-1024x768.jpg\" alt=\"Sportabzeichen \u00dcbergabe 2025\" width=\"474\" height=\"356\" srcset=\"https:\/\/www.tsv-assamstadt.de\/wp-content\/uploads\/2026\/03\/Sportabzeichen-Uebergabe-2025-1024x768.jpg 1024w, https:\/\/www.tsv-assamstadt.de\/wp-content\/uploads\/2026\/03\/Sportabzeichen-Uebergabe-2025-300x225.jpg 300w, https:\/\/www.tsv-assamstadt.de\/wp-content\/uploads\/2026\/03\/Sportabzeichen-Uebergabe-2025-768x576.jpg 768w, https:\/\/www.tsv-assamstadt.de\/wp-content\/uploads\/2026\/03\/Sportabzeichen-Uebergabe-2025-1536x1152.jpg 1536w, https:\/\/www.tsv-assamstadt.de\/wp-content\/uploads\/2026\/03\/Sportabzeichen-Uebergabe-2025.jpg 2048w\" sizes=\"auto, (max-width: 474px) 100vw, 474px\" \/><\/p>\n\n\n\n<p>Im Foyer der Grundschule Assamstadt fand die Verleihung der Sportabzeichen f\u00fcr das Jahr 2025 statt.<br>Der Sportabzeichen Beauftragte des TSV Assamstadt, Karl Heinz H\u00fcgel, ging nach der Begr\u00fc\u00dfung kurz auf die Zahlen des Jahres 2025 ein.<\/p>\n<p>Insgesamt legten 157 Personen die Pr\u00fcfungen zum Abzeichen ab, 27 mehr im Vergleich zum Vorjahr und die h\u00f6chste Zahl seit 2019.<br>Davon waren 87 Kinder und Jugendliche und 70 Erwachsene.<\/p>\n<p>Familienabzeichen konnten insgesamt 18 \u00fcberreicht werden, zehn Abzeichen mehr als im Vorjahr.<\/p>\n<p>Ein besonderes Dankesch\u00f6n sprach H\u00fcgel dann an die Sportabzeichenpr\u00fcfer\/innen Alois Ansmann, Irene Behr, Anna-Lena Weiland, Anton Zeitler, Oliver Meyer, Ilona Link, Manuela Schubert aus. Neu dazugekommen sind Sabrina Arnold und Johannes M\u00fcller.<br>Sie alle haben mit gro\u00dfem Einsatz und auch durch Einzelabnahmen bis zum letzten Tag des Jahres zu diesem guten Ergebnis beigetragen.<\/p>\n<p>Ein Dank ging auch an die Gemeinde Assamstadt und den Bauhof, die die Sportanlagen unentgeltlich und gut gepflegt zur Verf\u00fcgung stellt.<\/p>\n<p>Vom Sportkreis Tauberbischofsheim war in Vertretung Christoph Kastl gekommen, der zusammen mit B\u00fcrgermeister Joachim D\u00f6ffinger und Markus Borck vom TSV Assamstadt die Urkunden und Anstecknadeln \u00fcberreichte.<\/p>\n","protected":false},"excerpt":{"rendered":"<p>Im Foyer der Grundschule Assamstadt fand die Verleihung der Sportabzeichen f\u00fcr das Jahr 2025 statt.Der Sportabzeichen Beauftragte des TSV Assamstadt, Karl Heinz H\u00fcgel, ging nach der Begr\u00fc\u00dfung kurz auf die &hellip; <a href=\"https:\/\/www.tsv-assamstadt.de\/?page_id=11597\" class=\"more-link\"><span class=\"screen-reader-text\">Sportabzeichen\u00fcbergabe beim TSV Assamstadt<\/span> weiterlesen <span class=\"meta-nav\">&rarr;<\/span><\/a><\/p>\n","protected":false},"author":42,"featured_media":0,"parent":0,"menu_order":0,"comment_status":"closed","ping_status":"closed","template":"","meta":{"ngg_post_thumbnail":0,"footnotes":""},"class_list":["post-11597","page","type-page","status-publish","hentry"],"jetpack_sharing_enabled":true,"jetpack_shortlink":"https:\/\/wp.me\/PcugUJ-313","_links":{"self":[{"href":"https:\/\/www.tsv-assamstadt.de\/index.php?rest_route=\/wp\/v2\/pages\/11597","targetHints":{"allow":["GET"]}}],"collection":[{"href":"https:\/\/www.tsv-assamstadt.de\/index.php?rest_route=\/wp\/v2\/pages"}],"about":[{"href":"https:\/\/www.tsv-assamstadt.de\/index.php?rest_route=\/wp\/v2\/types\/page"}],"author":[{"embeddable":true,"href":"https:\/\/www.tsv-assamstadt.de\/index.php?rest_route=\/wp\/v2\/users\/42"}],"replies":[{"embeddable":true,"href":"https:\/\/www.tsv-assamstadt.de\/index.php?rest_route=%2Fwp%2Fv2%2Fcomments&post=11597"}],"version-history":[{"count":0,"href":"https:\/\/www.tsv-assamstadt.de\/index.php?rest_route=\/wp\/v2\/pages\/11597\/revisions"}],"wp:attachment":[{"href":"https:\/\/www.tsv-assamstadt.de\/index.php?rest_route=%2Fwp%2Fv2%2Fmedia&parent=11597"}],"curies":[{"name":"wp","href":"https:\/\/api.w.org\/{rel}","templated":true}]}}