{"id":11591,"date":"2023-10-14T11:11:53","date_gmt":"2023-10-14T09:11:53","guid":{"rendered":"https:\/\/www.tsv-assamstadt.de\/?page_id=11591"},"modified":"2026-02-26T10:34:08","modified_gmt":"2026-02-26T09:34:08","slug":"sportheim","status":"publish","type":"page","link":"https:\/\/www.tsv-assamstadt.de\/?page_id=11591","title":{"rendered":"Sportheim"},"content":{"rendered":"\n<p><strong>Adresse Sportheim<\/strong><br>Bergstrasse, 97959 Assamstadt<\/p>\n<p>Allgemeine \u00d6ffnungszeiten*<br>Freitags: ab 19:00 Uhr<br>Samstags: zu den Jugendspielen<br>Sonntags: ab 10:30 Uhr zum Fr\u00fchshoppen und bei Heimspielen<\/p>\n<p>*\u00c4nderungen vorbehalten, evtl. geschlossene Gesellschaften.<\/p>\n<h3><strong>Anfragen und Reservierungen per Mail an:<br><br><\/strong><a href=\"mailto:reservierung@tsv-assamstadt.de\" target=\"_blank\" rel=\"noopener\">reservierung@tsv-assamstadt.de<\/a><\/h3>\n<p>&nbsp;<\/p>\n<p><strong>Allgemeines<\/strong><\/p>\n<p align=\"left\">Nicht nur bei Sportlern ist das TSV-Sportheim beliebt. Die sch\u00f6ne Lage gleich neben den beiden Rasenpl\u00e4tzen und den Tennispl\u00e4tzen des TSV Assamstadt l\u00e4dt Spazierg\u00e4nger am Sonntag ebenso ein wie Besucher die in gem\u00fctlicher Atmosph\u00e4re Vesper oder Kaffee und Kuchen genie\u00dfen m\u00f6chten.<\/p>\n<p>F\u00fcr das leibliche Wohl ist hier bestens gesorgt, neben kleinen Snacks gibt es w\u00f6chentlich wechselnde Speisen wie Pizzabr\u00f6tchen, Hamburger, Sandwiches, H\u00e4hnchen, Wurstsalat und vieles mehr.<\/p>\n<p>Das Sportheim ist zudem bestens f\u00fcr Familienfeste wie Taufen, Kommunionen oder Geburtstagsfeiern, Betriebsfeiern, Klassenfeiern etc. geeignet. Die R\u00e4umlichkeiten bieten Platz f\u00fcr bis zu 80 Personen und auch die Kinder k\u00f6nnen sich auf dem nahegelegenen Spielplatz austoben.<\/p>\n<p>Obwohl das Sportheim nat\u00fcrlich eng mit der Fussballabteilung verbunden ist, ist es selbstverst\u00e4ndlich auch Anlaufstelle der anderen Abteilungen im TSV, wie Tennis, Tischtennis, Volleyball, Leichtathletik oder Turnen.<\/p>\n\n\n","protected":false},"excerpt":{"rendered":"<p>Adresse SportheimBergstrasse, 97959 Assamstadt Allgemeine \u00d6ffnungszeiten*Freitags: ab 19:00 UhrSamstags: zu den JugendspielenSonntags: ab 10:30 Uhr zum Fr\u00fchshoppen und bei Heimspielen *\u00c4nderungen vorbehalten, evtl. geschlossene Gesellschaften. Anfragen und Reservierungen per Mail &hellip; <a href=\"https:\/\/www.tsv-assamstadt.de\/?page_id=11591\" class=\"more-link\"><span class=\"screen-reader-text\">Sportheim<\/span> weiterlesen <span class=\"meta-nav\">&rarr;<\/span><\/a><\/p>\n","protected":false},"author":42,"featured_media":0,"parent":0,"menu_order":0,"comment_status":"closed","ping_status":"closed","template":"","meta":{"ngg_post_thumbnail":0,"jetpack_post_was_ever_published":false,"footnotes":""},"class_list":["post-11591","page","type-page","status-publish","hentry"],"jetpack_sharing_enabled":true,"jetpack_shortlink":"https:\/\/wp.me\/PcugUJ-30X","_links":{"self":[{"href":"https:\/\/www.tsv-assamstadt.de\/index.php?rest_route=\/wp\/v2\/pages\/11591","targetHints":{"allow":["GET"]}}],"collection":[{"href":"https:\/\/www.tsv-assamstadt.de\/index.php?rest_route=\/wp\/v2\/pages"}],"about":[{"href":"https:\/\/www.tsv-assamstadt.de\/index.php?rest_route=\/wp\/v2\/types\/page"}],"author":[{"embeddable":true,"href":"https:\/\/www.tsv-assamstadt.de\/index.php?rest_route=\/wp\/v2\/users\/42"}],"replies":[{"embeddable":true,"href":"https:\/\/www.tsv-assamstadt.de\/index.php?rest_route=%2Fwp%2Fv2%2Fcomments&post=11591"}],"version-history":[{"count":0,"href":"https:\/\/www.tsv-assamstadt.de\/index.php?rest_route=\/wp\/v2\/pages\/11591\/revisions"}],"wp:attachment":[{"href":"https:\/\/www.tsv-assamstadt.de\/index.php?rest_route=%2Fwp%2Fv2%2Fmedia&parent=11591"}],"curies":[{"name":"wp","href":"https:\/\/api.w.org\/{rel}","templated":true}]}}