{"id":10127,"date":"2022-01-06T14:57:17","date_gmt":"2022-01-06T13:57:17","guid":{"rendered":"https:\/\/www.tsv-assamstadt.de\/?page_id=10127"},"modified":"2023-04-27T10:48:44","modified_gmt":"2023-04-27T08:48:44","slug":"chronik-2","status":"publish","type":"page","link":"https:\/\/www.tsv-assamstadt.de\/?page_id=10127","title":{"rendered":"Chronik"},"content":{"rendered":"\n\n\n<p>Unser Verein wurde am 10.09.1947 gegr\u00fcndet, hat somit eine 75-j\u00e4hrige Tradition und ist mit \u00fcber 1.200 Vereinsmitgliedern einer der gr\u00f6\u00dften Vereine im Main-Tauber-Kreis.<br><br>Zu dem Hauptverein und der Jugendabteilung z\u00e4hlen sieben weitere Sportarten mit Fu\u00dfball, Leichtathletik, Tennis, Tischtennis, Badminton, Volleyball und Turnen.<br><br>Zus\u00e4tzlich gibt es den Bereich f\u00fcr das Sportabzeichen.<br><br>Mit den Vorstandswahlen im Mai 2019 wurde nicht nur eine neue Vorstandschaft gew\u00e4hlt, sondern auch eine grunds\u00e4tzliche und zukunftsweisende Neustrukturierungen des Vereins beschlossen.<br><br>Im Anschluss ist das Video zur digitalen Chronik zu finden:<br><br><iframe loading=\"lazy\" src=\"\/\/www.youtube.com\/embed\/JdIs4qDNkf0\" width=\"560\" height=\"314\" allowfullscreen=\"allowfullscreen\"><\/iframe><\/p>\n","protected":false},"excerpt":{"rendered":"<p>Unser Verein wurde am 10.09.1947 gegr\u00fcndet, hat somit eine 75-j\u00e4hrige Tradition und ist mit \u00fcber 1.200 Vereinsmitgliedern einer der gr\u00f6\u00dften Vereine im Main-Tauber-Kreis. Zu dem Hauptverein und der Jugendabteilung z\u00e4hlen &hellip; <a href=\"https:\/\/www.tsv-assamstadt.de\/?page_id=10127\" class=\"more-link\"><span class=\"screen-reader-text\">Chronik<\/span> weiterlesen <span class=\"meta-nav\">&rarr;<\/span><\/a><\/p>\n","protected":false},"author":41,"featured_media":0,"parent":0,"menu_order":0,"comment_status":"closed","ping_status":"closed","template":"","meta":{"ngg_post_thumbnail":0,"jetpack_post_was_ever_published":false,"footnotes":""},"class_list":["post-10127","page","type-page","status-publish","hentry"],"jetpack_sharing_enabled":true,"jetpack_shortlink":"https:\/\/wp.me\/PcugUJ-2Dl","_links":{"self":[{"href":"https:\/\/www.tsv-assamstadt.de\/index.php?rest_route=\/wp\/v2\/pages\/10127","targetHints":{"allow":["GET"]}}],"collection":[{"href":"https:\/\/www.tsv-assamstadt.de\/index.php?rest_route=\/wp\/v2\/pages"}],"about":[{"href":"https:\/\/www.tsv-assamstadt.de\/index.php?rest_route=\/wp\/v2\/types\/page"}],"author":[{"embeddable":true,"href":"https:\/\/www.tsv-assamstadt.de\/index.php?rest_route=\/wp\/v2\/users\/41"}],"replies":[{"embeddable":true,"href":"https:\/\/www.tsv-assamstadt.de\/index.php?rest_route=%2Fwp%2Fv2%2Fcomments&post=10127"}],"version-history":[{"count":0,"href":"https:\/\/www.tsv-assamstadt.de\/index.php?rest_route=\/wp\/v2\/pages\/10127\/revisions"}],"wp:attachment":[{"href":"https:\/\/www.tsv-assamstadt.de\/index.php?rest_route=%2Fwp%2Fv2%2Fmedia&parent=10127"}],"curies":[{"name":"wp","href":"https:\/\/api.w.org\/{rel}","templated":true}]}}