{"id":10119,"date":"2022-01-06T14:50:52","date_gmt":"2022-01-06T13:50:52","guid":{"rendered":"https:\/\/www.tsv-assamstadt.de\/?page_id=10119"},"modified":"2023-04-27T10:49:19","modified_gmt":"2023-04-27T08:49:19","slug":"75-jahre-tsv-assamstadt","status":"publish","type":"page","link":"https:\/\/www.tsv-assamstadt.de\/?page_id=10119","title":{"rendered":"75 Jahre TSV Assamstadt"},"content":{"rendered":"\n<p>Unser Verein wurde am 10.09.1947 gegr\u00fcndet, hat somit eine 75-j\u00e4hrige Tradition und ist mit \u00fcber 1.200 Vereinsmitgliedern einer der gr\u00f6\u00dften Vereine im Main-Tauber-Kreis.<\/p>\n<p>Zu dem Hauptverein und der Jugendabteilung z\u00e4hlen sieben weitere Sportarten mit Fu\u00dfball, Leichtathletik, Tennis, Tischtennis, Badminton, Volleyball und Turnen.<br>Zus\u00e4tzlich gibt es den Bereich f\u00fcr das Sportabzeichen.<\/p>\n<p>Mit den Vorstandswahlen im Mai 2019 wurde nicht nur eine neue Vorstandschaft gew\u00e4hlt, sondern auch eine grunds\u00e4tzliche und zukunftsweisende Neustrukturierungen des Vereins beschlossen.<\/p>\n<p>Im Anschluss ist sowohl das Video zur digitalen Chronik, wie auch die Turnvorf\u00fchrung der Turnabteilung zu finden:<\/p>\n<p><iframe loading=\"lazy\" src=\"\/\/www.youtube.com\/embed\/JdIs4qDNkf0\" width=\"560\" height=\"314\" allowfullscreen=\"allowfullscreen\"><\/iframe><iframe loading=\"lazy\" src=\"\/\/www.youtube.com\/embed\/UyvZCtCzhso\" width=\"560\" height=\"314\" allowfullscreen=\"allowfullscreen\"><\/iframe><\/p>\n","protected":false},"excerpt":{"rendered":"<p>Unser Verein wurde am 10.09.1947 gegr\u00fcndet, hat somit eine 75-j\u00e4hrige Tradition und ist mit \u00fcber 1.200 Vereinsmitgliedern einer der gr\u00f6\u00dften Vereine im Main-Tauber-Kreis. Zu dem Hauptverein und der Jugendabteilung z\u00e4hlen &hellip; <a href=\"https:\/\/www.tsv-assamstadt.de\/?page_id=10119\" class=\"more-link\"><span class=\"screen-reader-text\">75 Jahre TSV Assamstadt<\/span> weiterlesen <span class=\"meta-nav\">&rarr;<\/span><\/a><\/p>\n","protected":false},"author":41,"featured_media":0,"parent":0,"menu_order":0,"comment_status":"closed","ping_status":"closed","template":"","meta":{"ngg_post_thumbnail":0,"jetpack_post_was_ever_published":false,"footnotes":""},"class_list":["post-10119","page","type-page","status-publish","hentry"],"jetpack_sharing_enabled":true,"jetpack_shortlink":"https:\/\/wp.me\/PcugUJ-2Dd","_links":{"self":[{"href":"https:\/\/www.tsv-assamstadt.de\/index.php?rest_route=\/wp\/v2\/pages\/10119","targetHints":{"allow":["GET"]}}],"collection":[{"href":"https:\/\/www.tsv-assamstadt.de\/index.php?rest_route=\/wp\/v2\/pages"}],"about":[{"href":"https:\/\/www.tsv-assamstadt.de\/index.php?rest_route=\/wp\/v2\/types\/page"}],"author":[{"embeddable":true,"href":"https:\/\/www.tsv-assamstadt.de\/index.php?rest_route=\/wp\/v2\/users\/41"}],"replies":[{"embeddable":true,"href":"https:\/\/www.tsv-assamstadt.de\/index.php?rest_route=%2Fwp%2Fv2%2Fcomments&post=10119"}],"version-history":[{"count":0,"href":"https:\/\/www.tsv-assamstadt.de\/index.php?rest_route=\/wp\/v2\/pages\/10119\/revisions"}],"wp:attachment":[{"href":"https:\/\/www.tsv-assamstadt.de\/index.php?rest_route=%2Fwp%2Fv2%2Fmedia&parent=10119"}],"curies":[{"name":"wp","href":"https:\/\/api.w.org\/{rel}","templated":true}]}}